{"id":62,"date":"2021-07-30T17:39:29","date_gmt":"2021-07-30T15:39:29","guid":{"rendered":"https:\/\/radio-beatbox.de\/radio\/?page_id=62"},"modified":"2021-08-02T13:35:52","modified_gmt":"2021-08-02T11:35:52","slug":"gaestebuch","status":"publish","type":"page","link":"https:\/\/radio-beatbox.de\/radio\/gaestebuch\/","title":{"rendered":"G\u00c4STEBUCH"},"content":{"rendered":"\n<h1 class=\"wp-block-heading\">Das Radio-Beatbox G\u00e4stebuch<\/h1>\n\n\n<div class=\"gwolle-gb\"><div class=\"gwolle-gb-messages-top-container\"><\/div>\n\t\t\t<div class=\"gwolle-gb-write-button\">\n\t\t\t\t<input type=\"button\" name=\"gwolle-gb-write-button\" class=\"button btn btn-default \" value=\"Neuen Eintrag schreiben\" aria-expanded=\"false\" \/>\n\t\t\t<\/div>\n\t\t\t<form action=\"#\" method=\"POST\" class=\"gwolle-gb-write gwolle-gb-hide gwolle-gb-float gwolle-gb-form-ajax gwolle-gb-ajax gwolle-gb-not-logged-in\">\n\t\t\t\t<h3>Einen neuen Eintrag f\u00fcr das G\u00e4stebuch schreiben<\/h3>\n\t\t\t\t<button type=\"button\" class=\"gb-notice-dismiss\">x<span class=\"screen-reader-text\">Dieses Formular ausblenden<\/span><\/button>\n\t\t\t\n\t\t\t\t<input type=\"hidden\" name=\"gwolle_gb_function\" class=\"gwolle_gb_function\" value=\"add_entry\" \/><input type=\"hidden\" name=\"gwolle_gb_book_id\" class=\"gwolle_gb_book_id\" value=\"1\" \/><div class=\"gwolle_gb_b658bbc4658a614ec05541d66a2f1b1a\">\n\t\t\t\t<div class=\"label\"><label for=\"gwolle_gb_b658bbc4658a614ec05541d66a2f1b1a-1\" class=\"text-info\">Name <span class=\"required\">*<\/span><\/label><\/div>\n\t\t\t\t<div class=\"input\"><input class=\"wp-exclude-emoji gwolle_gb_b658bbc4658a614ec05541d66a2f1b1a\" value=\"\" type=\"text\" id=\"gwolle_gb_b658bbc4658a614ec05541d66a2f1b1a-1\" name=\"gwolle_gb_b658bbc4658a614ec05541d66a2f1b1a\" required \/><\/div>\n\t\t\t\t<div class=\"clearBoth\">&nbsp;<\/div>\n\t\t\t<\/div><div class=\"gwolle_gb_a15c94a7d776aa0829a43d8434e8e71e\">\n\t\t\t\t\t<div class=\"label\"><label for=\"gwolle_gb_a15c94a7d776aa0829a43d8434e8e71e-1\" class=\"text-info\">Stadt<\/label><\/div>\n\t\t\t\t\t<div class=\"input\"><input class=\"wp-exclude-emoji gwolle_gb_a15c94a7d776aa0829a43d8434e8e71e\" value=\"\" type=\"text\" id=\"gwolle_gb_a15c94a7d776aa0829a43d8434e8e71e-1\" name=\"gwolle_gb_a15c94a7d776aa0829a43d8434e8e71e\" \/><\/div>\n\t\t\t\t\t<div class=\"clearBoth\">&nbsp;<\/div>\n\t\t\t\t<\/div><div class=\"gwolle_gb_1181e10341a534821a5de38c5b853c96\">\n\t\t\t\t<div class=\"label\"><label for=\"gwolle_gb_1181e10341a534821a5de38c5b853c96-1\" class=\"text-info\">E-Mail <span class=\"required\">*<\/span><\/label><\/div>\n\t\t\t\t<div class=\"input\"><input class=\"gwolle_gb_1181e10341a534821a5de38c5b853c96\" value=\"\" type=\"email\" id=\"gwolle_gb_1181e10341a534821a5de38c5b853c96-1\" name=\"gwolle_gb_1181e10341a534821a5de38c5b853c96\" required \/><\/div>\n\t\t\t\t<div class=\"clearBoth\">&nbsp;<\/div>\n\t\t\t<\/div><div class=\"gwolle_gb_e1cbfce627e261bb248a700f18e41cb5\">\n\t\t\t\t<div class=\"label\"><label for=\"gwolle_gb_e1cbfce627e261bb248a700f18e41cb5-1\" class=\"text-info\">Website<\/label><\/div>\n\t\t\t\t<div class=\"input\"><input class=\"gwolle_gb_e1cbfce627e261bb248a700f18e41cb5\" value=\"\" type=\"url\" id=\"gwolle_gb_e1cbfce627e261bb248a700f18e41cb5-1\" name=\"gwolle_gb_e1cbfce627e261bb248a700f18e41cb5\" \/><\/div>\n\t\t\t\t<div class=\"clearBoth\">&nbsp;<\/div>\n\t\t\t<\/div>\n\t\t\t<div class=\"gwolle_gb_e67f7a8b5edd31b8cde06eea082abf42\" style=\"display:none;overflow:hidden;\" hidden=\"true\" aria-hidden=\"true\">\n\t\t\t\t<div class=\"label\">\n\t\t\t\t\t<label for=\"gwolle_gb_e67f7a8b5edd31b8cde06eea082abf42-1\" class=\"text-primary\">Hier nichts eingeben<\/label>\n\t\t\t\t\t<label for=\"gwolle_gb_62b0bf81e9484ce6dd35743b0603f859-1\" class=\"text-primary\">Hier nichts eingeben<\/label>\n\t\t\t\t<\/div>\n\t\t\t\t<div class=\"input\">\n\t\t\t\t\t<input value=\"64\" type=\"text\" id=\"gwolle_gb_e67f7a8b5edd31b8cde06eea082abf42-1\" name=\"gwolle_gb_e67f7a8b5edd31b8cde06eea082abf42\" class=\"gwolle_gb_e67f7a8b5edd31b8cde06eea082abf42\" style=\"transform: translateY(10000px);\" \/>\n\t\t\t\t\t<input value=\"\" type=\"text\" name=\"gwolle_gb_62b0bf81e9484ce6dd35743b0603f859\" id=\"gwolle_gb_62b0bf81e9484ce6dd35743b0603f859-1\" class=\"gwolle_gb_62b0bf81e9484ce6dd35743b0603f859\" style=\"transform: translateY(10000px);\" \/>\n\t\t\t\t<\/div>\n\t\t\t\t<div class=\"clearBoth\"><\/div>\n\t\t\t<\/div>\n\t\t\t<div class=\"gwolle_gb_6b1634c4678ce693701fe7b4bc4dddd4\" style=\"display:none;overflow:hidden;\" hidden=\"true\" aria-hidden=\"true\">\n\t\t\t\t<div class=\"label\">\n\t\t\t\t\t<label for=\"gwolle_gb_6b1634c4678ce693701fe7b4bc4dddd4-1\" class=\"text-primary\">Hier nichts eingeben<\/label>\n\t\t\t\t\t<label for=\"gwolle_gb_01f6aac3ba728c03d7e860f4c7ec717b-1\" class=\"text-primary\">Hier nichts eingeben<\/label>\n\t\t\t\t<\/div>\n\t\t\t\t<div class=\"input\">\n\t\t\t\t\t<input value=\"25449\" type=\"text\" id=\"gwolle_gb_6b1634c4678ce693701fe7b4bc4dddd4-1\" name=\"gwolle_gb_6b1634c4678ce693701fe7b4bc4dddd4\" class=\"gwolle_gb_6b1634c4678ce693701fe7b4bc4dddd4\" style=\"transform: translateY(10000px);\" \/>\n\t\t\t\t\t<input value=\"25449\" type=\"text\"id=\"gwolle_gb_01f6aac3ba728c03d7e860f4c7ec717b-1\" name=\"gwolle_gb_01f6aac3ba728c03d7e860f4c7ec717b\" class=\"gwolle_gb_01f6aac3ba728c03d7e860f4c7ec717b\" style=\"transform: translateY(10000px);\" \/>\n\t\t\t\t<\/div>\n\t\t\t\t<div class=\"clearBoth\"><\/div>\n\t\t\t<\/div><div class=\"gwolle_gb_content\">\n\t\t\t\t<div class=\"label\"><label for=\"gwolle_gb_content-1\" class=\"text-info\">G\u00e4stebucheintrag <span class=\"required\">*<\/span><\/label><\/div>\n\t\t\t\t<div class=\"input\"><textarea id=\"gwolle_gb_content-1\" name=\"gwolle_gb_content\" class=\"gwolle_gb_content wp-exclude-emoji\" required ><\/textarea><\/div>\n\t\t\t\t\t<div class=\"clearBoth\">&nbsp;<\/div>\n\t\t\t\t<\/div><input type=\"hidden\" class=\"gwolle_gb_65fb55f4769c04be0fe2b135b23acb9b\" id=\"gwolle_gb_65fb55f4769c04be0fe2b135b23acb9b-1\" name=\"gwolle_gb_65fb55f4769c04be0fe2b135b23acb9b\" value=\"fd7aeb71bd\" \/>\n\t\t\t<div class=\"gwolle-gb-messages-bottom-container\"><\/div>\n\n\t\t\t<noscript><div class=\"no-js\">Warnung: Dieses Formular kann nur verwendet werden, wenn in deinem Browser JavaScript aktiviert ist.<\/div><\/noscript>\n\n\t\t\t<div class=\"gwolle_gb_submit gwolle-gb-submit\">\n\t\t\t\t<div class=\"label gwolle-gb-invisible text-muted\">&nbsp;<\/div>\n\t\t\t\t<div class=\"input\">\n\t\t\t\t\t<input type=\"submit\" name=\"gwolle_gb_submit\" class=\"gwolle_gb_submit button btn btn-primary \" value=\"Absenden\" \/>\n\t\t\t\t\t<span class=\"gwolle_gb_submit_ajax_icon gwolle-gb-submit-ajax-icon\"><\/span>\n\t\t\t\n\t\t\t\t<\/div>\n\t\t\t\t<div class=\"clearBoth\">&nbsp;<\/div>\n\t\t\t<\/div>\n\n\t\t\t<div class=\"gwolle_gb_notice gwolle-gb-notice\">\n\t\t\t\t<br \/>\nMit * gekennzeichnete Felder sind erforderlich.<br \/>\nDeine E-Mail-Adresse wird nicht ver\u00f6ffentlicht.<br \/>\nEs ist m\u00f6glich, dass dein Eintrag im G\u00e4stebuch erst sichtbar ist, nachdem wir ihn \u00fcberpr\u00fcft haben.<br \/>\nWir behalten uns vor, Eintr\u00e4ge zu bearbeiten, zu l\u00f6schen oder nicht zu ver\u00f6ffentlichen.<br \/>\n\n\t\t\t<\/div><\/form><div class=\"gwolle-gb-read gwolle-gb-ajax gwolle-gb-entries-list\" data-book_id=\"1\">(Noch keine Eintr\u00e4ge)<\/div><\/div>\n\n\n\n<p><\/p>\n","protected":false},"excerpt":{"rendered":"<p>Das Radio-Beatbox G\u00e4stebuch<\/p>\n","protected":false},"author":1,"featured_media":0,"parent":0,"menu_order":0,"comment_status":"closed","ping_status":"closed","template":"","meta":{"footnotes":""},"class_list":["post-62","page","type-page","status-publish","hentry"],"_links":{"self":[{"href":"https:\/\/radio-beatbox.de\/radio\/wp-json\/wp\/v2\/pages\/62","targetHints":{"allow":["GET"]}}],"collection":[{"href":"https:\/\/radio-beatbox.de\/radio\/wp-json\/wp\/v2\/pages"}],"about":[{"href":"https:\/\/radio-beatbox.de\/radio\/wp-json\/wp\/v2\/types\/page"}],"author":[{"embeddable":true,"href":"https:\/\/radio-beatbox.de\/radio\/wp-json\/wp\/v2\/users\/1"}],"replies":[{"embeddable":true,"href":"https:\/\/radio-beatbox.de\/radio\/wp-json\/wp\/v2\/comments?post=62"}],"version-history":[{"count":3,"href":"https:\/\/radio-beatbox.de\/radio\/wp-json\/wp\/v2\/pages\/62\/revisions"}],"predecessor-version":[{"id":246,"href":"https:\/\/radio-beatbox.de\/radio\/wp-json\/wp\/v2\/pages\/62\/revisions\/246"}],"wp:attachment":[{"href":"https:\/\/radio-beatbox.de\/radio\/wp-json\/wp\/v2\/media?parent=62"}],"curies":[{"name":"wp","href":"https:\/\/api.w.org\/{rel}","templated":true}]}}