{"id":64,"date":"2021-07-30T17:39:48","date_gmt":"2021-07-30T15:39:48","guid":{"rendered":"https:\/\/radio-beatbox.de\/radio\/?page_id=64"},"modified":"2025-08-15T15:29:42","modified_gmt":"2025-08-15T13:29:42","slug":"newcomerszene","status":"publish","type":"page","link":"https:\/\/radio-beatbox.de\/radio\/newcomerszene\/","title":{"rendered":"NEWCOMERSZENE"},"content":{"rendered":"\n<div class=\"wp-block-media-text alignwide is-stacked-on-mobile\" style=\"grid-template-columns:55% auto\"><figure class=\"wp-block-media-text__media\"><img loading=\"lazy\" decoding=\"async\" width=\"1024\" height=\"561\" src=\"https:\/\/radio-beatbox.de\/radio\/wp-content\/uploads\/2021\/08\/newcomerbild-1024x561.jpg\" alt=\"\" class=\"wp-image-321 size-full\" srcset=\"https:\/\/radio-beatbox.de\/radio\/wp-content\/uploads\/2021\/08\/newcomerbild-1024x561.jpg 1024w, https:\/\/radio-beatbox.de\/radio\/wp-content\/uploads\/2021\/08\/newcomerbild-300x164.jpg 300w, https:\/\/radio-beatbox.de\/radio\/wp-content\/uploads\/2021\/08\/newcomerbild-768x421.jpg 768w, https:\/\/radio-beatbox.de\/radio\/wp-content\/uploads\/2021\/08\/newcomerbild.jpg 1080w\" sizes=\"auto, (max-width: 1024px) 100vw, 1024px\" \/><\/figure><div class=\"wp-block-media-text__content\">\n<h6 class=\"wp-block-heading has-black-color has-text-color has-background\" style=\"background:linear-gradient(320deg,rgb(238,238,238) 0%,rgb(169,184,195) 100%)\">Was w\u00e4re ein Radio ohne neue K\u00fcnstler, S\u00e4nger, Songschreiber?? Ein langweiliges Unterfangen. Das wollen wir nat\u00fcrlich \u00e4ndern, und deswegen brauchen wir Eure Unterst\u00fctzung. Schickt uns Eure neuen Songs und wir spielen sie hier auf Radio-Beatbox<\/h6>\n\n\n\n<h6 class=\"wp-block-heading has-black-color has-text-color has-background\" style=\"background:linear-gradient(90deg,rgba(75,235,221,0.51) 0%,rgba(151,119,209,0.48) 20%,rgba(207,41,185,0.5) 40%,rgba(237,43,130,0.53) 60%,rgba(250,105,97,0.54) 80%,rgba(255,249,77,0.57) 100%)\">Wir suchen neue : Schlager, Rock &amp; Pop, Dance, Country, Rock\u2019n Roll, Rockabilly, Volksmusik, Gothic, Metal.<\/h6>\n\n\n\n<h6 class=\"wp-block-heading has-black-color has-very-light-gray-to-cyan-bluish-gray-gradient-background has-text-color has-background\">Folgende Daten zum Album werden ben\u00f6tigt:<br>-Label<br>-Ver\u00f6ffentlichungsdatum<br>-Spieldauer<\/h6>\n\n\n\n<h6 class=\"wp-block-heading has-black-color has-text-color has-background\" style=\"background:linear-gradient(229deg,rgba(75,235,221,0.51) 0%,rgba(151,119,209,0.51) 20%,rgba(207,41,185,0.52) 40%,rgba(237,43,130,0.5) 59%,rgba(250,105,97,0.55) 80%,rgba(255,249,77,0.53) 100%)\">Folgende Texte werden ben\u00f6tigt :<br>-K\u00fcnstler<br>-Biographie<br>-CD-Info<br>-vom K\u00fcnstler\/Management unterschriebene Sendegenehmigung f\u00fcr besagte CD.<\/h6>\n\n\n\n<h6 class=\"wp-block-heading has-black-color has-very-light-gray-to-cyan-bluish-gray-gradient-background has-text-color has-background\">Folgende Dateien werden ben\u00f6tigt (per E-Mail zuschicken):<br>-Foto des K\u00fcnstlers als jpg-Datei<br>-Abbildung des Covers als jpg-Datei<\/h6>\n<\/div><\/div>\n\n\n\n<p class=\"has-black-color has-text-color has-background\" style=\"background:linear-gradient(135deg,rgb(74,234,220) 0%,rgba(151,119,209,0.53) 20%,rgba(207,41,185,0.67) 40%,rgba(237,43,130,0.66) 60%,rgba(250,105,97,0.72) 80%,rgba(255,249,77,0.66) 100%);font-size:14px\"><em><strong>Wenn Du uns eine CD zur Verlosung \u00fcberlassen m\u00f6chtest, lege bitte ein<br>zweites Exemplar bei (CDs zur Verlosung werden w\u00e4hrend der Verlosungsaktion auf der Startseite angezeigt!).<br>WICHTIG : Bitte keine telefonischen Anfragen.<br>Wir \u00fcbernehmen keine Haftung f\u00fcr eingesandte Beitr\u00e4ge, Ton- und\/oder Bildtr\u00e4ger, B\u00fccher, Bilder und Illustrationen. Die Ver\u00f6ffentlichung geschieht in Umfang und Selektion nach unserem Ermessen. An uns \u00fcbersandtes Material wird als f\u00fcr Pressezwecke frei betrachtet und geht in unser Eigentum \u00fcber.<br>Sende Deine Mp3 mit den entsprechenden Unterlagen an<br>admin@radio-beatbox.de<\/strong><\/em><\/p>\n\n\n\n<hr>\n\n\n\n<h1 class=\"wp-block-heading\">Unsere Neuvorstellungen<\/h1>\n\n\n\n<p class=\"has-very-light-gray-to-cyan-bluish-gray-gradient-background has-background\"><em>Wenn Ihr euch die Musikproben anh\u00f6rt, dann seid doch bitte so nett und hinterlasst einen Kommentar f\u00fcr die K\u00fcnstler, <strong>warum<\/strong> und <strong>ob<\/strong> euch der Titel gefallen hat, oder <strong>warum<\/strong> auch nicht.<\/em> Vielen Dank<\/p>\n\n\n<div class=\"gmedia_gallery jq-mplayer_module is_bot\" id=\"GmediaGallery_4\" data-gmid=\"4\" data-module=\"jq-mplayer\"><style class='gmedia_module_style_import'>@import url('https:\/\/radio-beatbox.de\/radio\/wp-content\/plugins\/grand-media\/module\/jq-mplayer\/css\/style.css?v=2.23') all;<\/style>\t<script type=\"text\/javascript\">\n\t\t\tdocument.addEventListener( 'DOMContentLoaded', function() {\n\t\t\t\tjQuery( function() {\n\t\t\t\t\tvar settings = {\"tracksToShow\":\"8\",\"moreText\":\"Mehr Titel...\",\"ID\":\"4\",\"moduleUrl\":\"https:\\\/\\\/radio-beatbox.de\\\/radio\\\/wp-content\\\/plugins\\\/grand-media\\\/module\\\/jq-mplayer\",\"pluginUrl\":\"https:\\\/\\\/radio-beatbox.de\\\/radio\\\/wp-content\\\/plugins\\\/grand-media\",\"libraryUrl\":\"https:\\\/\\\/radio-beatbox.de\\\/radio\\\/wp-content\\\/grand-media\",\"ajaxurl\":\"https:\\\/\\\/radio-beatbox.de\\\/radio\\\/wp-admin\\\/admin-ajax.php\",\"ip\":\"2167321666\"};\n\t\t\t\t\tvar content = [{\"id\":\"49\",\"mp3\":\"https:\\\/\\\/radio-beatbox.de\\\/radio\\\/wp-content\\\/grand-media\\\/audio\\\/Wolfgang_Lohr_-_It_Means_A_Thing_If_You_Swing_Jive_Jack_Remix_.mp3\",\"cover\":\"\",\"title\":\"Wolfgang Lohr - It Means A Thing If You Swing  (Jive Jack Remix)\",\"text\":\"<p>by Promo-Cloud.Com<\\\/p>\",\"button\":\"\",\"rating\":0,\"votes\":0},{\"id\":\"48\",\"mp3\":\"https:\\\/\\\/radio-beatbox.de\\\/radio\\\/wp-content\\\/grand-media\\\/audio\\\/Vincent_Gross_-_Happy_Wife_Happy_Life.mp3\",\"cover\":\"\",\"title\":\"Vincent Gross - Happy Wife Happy Life\",\"text\":\"<p>Electrola LC: 00193<\\\/p>\",\"button\":\"\",\"rating\":4,\"votes\":1},{\"id\":\"47\",\"mp3\":\"https:\\\/\\\/radio-beatbox.de\\\/radio\\\/wp-content\\\/grand-media\\\/audio\\\/Teddy_Herz_-_Der_Schlagerkapitaen.mp3\",\"cover\":\"\",\"title\":\"Teddy Herz - Der Schlagerkapitaen\",\"text\":\"<p>Reuthers Records LC: 91630<\\\/p>\",\"button\":\"\",\"rating\":1,\"votes\":1},{\"id\":\"46\",\"mp3\":\"https:\\\/\\\/radio-beatbox.de\\\/radio\\\/wp-content\\\/grand-media\\\/audio\\\/Rosa_e_Genesis_Done_-_Dinero_Dinero.mp3\",\"cover\":\"\",\"title\":\"Rosa e Genesis Done - Dinero, Dinero\",\"text\":\"<p>LC: 11687  <\\\/p>\",\"button\":\"\",\"rating\":10.625000000000002,\"votes\":6},{\"id\":\"45\",\"mp3\":\"https:\\\/\\\/radio-beatbox.de\\\/radio\\\/wp-content\\\/grand-media\\\/audio\\\/Rosa_e_Genesis_Done_-_Dibujo_De_Pasion.mp3\",\"cover\":\"\",\"title\":\"Rosa e Genesis Done - Dibujo De Pasi\\u00f3n\",\"text\":\"<p>LC: 11687 <\\\/p>\",\"button\":\"\",\"rating\":8.666666666666668,\"votes\":4},{\"id\":\"44\",\"mp3\":\"https:\\\/\\\/radio-beatbox.de\\\/radio\\\/wp-content\\\/grand-media\\\/audio\\\/Ren_de_la_Mon_IQ-Talo_Miguell_Santozz_-_Our_Memories_.mp3\",\"cover\":\"\",\"title\":\"Rene de la Mone & IQ Talo & Miguell Santozz - Our Memories (Original Mix)\",\"text\":\"<p>by Promo-Cloud.Com<\\\/p>\",\"button\":\"\",\"rating\":4.5,\"votes\":1},{\"id\":\"43\",\"mp3\":\"https:\\\/\\\/radio-beatbox.de\\\/radio\\\/wp-content\\\/grand-media\\\/audio\\\/PLEXIPHONES_-_It_Feels_Wrong_AuraWave_Starlight_Remix_.mp3\",\"cover\":\"\",\"title\":\"Plexiphones - It Feels Wrong  (AuraWave Starlight Remix)\",\"text\":\"<p>by Promo-Cloud.Com<\\\/p>\",\"button\":\"\",\"rating\":5,\"votes\":1},{\"id\":\"42\",\"mp3\":\"https:\\\/\\\/radio-beatbox.de\\\/radio\\\/wp-content\\\/grand-media\\\/audio\\\/Party_Jungs_-_R_uber_Und_Gendarme.mp3\",\"cover\":\"\",\"title\":\"Party Jungs - R\\u00e4uber Und Gendarme (Radio Mix)\",\"text\":\"<p>Monopol Records LC: 00665<\\\/p>\",\"button\":\"\",\"rating\":0,\"votes\":0},{\"id\":\"41\",\"mp3\":\"https:\\\/\\\/radio-beatbox.de\\\/radio\\\/wp-content\\\/grand-media\\\/audio\\\/Oliver_Fischer_-_Was_Ist_Mit_Meinem_Herz_Jetzt_Los.mp3\",\"cover\":\"\",\"title\":\"Oliver Fischer - Was Ist Mit Meinem Herz Jetzt Los\",\"text\":\"<p>Foxdog Music LC: 29173<\\\/p>\",\"button\":\"\",\"rating\":0,\"votes\":0},{\"id\":\"40\",\"mp3\":\"https:\\\/\\\/radio-beatbox.de\\\/radio\\\/wp-content\\\/grand-media\\\/audio\\\/Nighth4wk_x_Soey_-_Eternal_Flame_Original_Mix_.mp3\",\"cover\":\"\",\"title\":\"Nighth4wk x Soey - Eternal Flame (Original Mix)\",\"text\":\"<p>by Promo-Cloud.Com<\\\/p>\",\"button\":\"\",\"rating\":0,\"votes\":0},{\"id\":\"39\",\"mp3\":\"https:\\\/\\\/radio-beatbox.de\\\/radio\\\/wp-content\\\/grand-media\\\/audio\\\/Micha_-_Forever_F_r_Immer_Nur_Wir_.mp3\",\"cover\":\"\",\"title\":\"Micha - Forever (F\\u00fcr Immer Nur Wir)\",\"text\":\"<p>Madizin Music\\\/Believe LC: 24917<\\\/p>\",\"button\":\"\",\"rating\":0,\"votes\":0},{\"id\":\"38\",\"mp3\":\"https:\\\/\\\/radio-beatbox.de\\\/radio\\\/wp-content\\\/grand-media\\\/audio\\\/Matty_Valentino_-_HolzH_ttenFan.mp3\",\"cover\":\"\",\"title\":\"Matty Valentino - HolzH\\u00fcttenFan\",\"text\":\"<p>Madizin Music\\\/Believe LC: 24917<\\\/p>\",\"button\":\"\",\"rating\":0,\"votes\":0},{\"id\":\"37\",\"mp3\":\"https:\\\/\\\/radio-beatbox.de\\\/radio\\\/wp-content\\\/grand-media\\\/audio\\\/Matakustix_-_Einfach_O_.mp3\",\"cover\":\"\",\"title\":\"Matakustix - Einfach O\\u0308\",\"text\":\"<p>ARTIST FACTORY MUSIC LC 52503 <\\\/p>\",\"button\":\"\",\"rating\":0,\"votes\":0},{\"id\":\"36\",\"mp3\":\"https:\\\/\\\/radio-beatbox.de\\\/radio\\\/wp-content\\\/grand-media\\\/audio\\\/Marcel_De_Van_Anna_Jones_-_Dancing_like_Angels_.mp3\",\"cover\":\"\",\"title\":\"Marcel de Van & Anna Jones - Dancing like Angels (Moonlight Version)\",\"text\":\"<p>by Promo-Cloud.Com<\\\/p>\",\"button\":\"\",\"rating\":0,\"votes\":0},{\"id\":\"35\",\"mp3\":\"https:\\\/\\\/radio-beatbox.de\\\/radio\\\/wp-content\\\/grand-media\\\/audio\\\/Maite_Kelly_-_Frei.mp3\",\"cover\":\"\",\"title\":\"Maite Kelly - Frei\",\"text\":\"<p>Electrola LC: 00193<\\\/p>\",\"button\":\"\",\"rating\":5,\"votes\":1},{\"id\":\"34\",\"mp3\":\"https:\\\/\\\/radio-beatbox.de\\\/radio\\\/wp-content\\\/grand-media\\\/audio\\\/Kult_isda_-_Platsch_South_Mix_.mp3\",\"cover\":\"\",\"title\":\"Kult isDa - Platsch (South Mix)\",\"text\":\"<p>WIR Records LC: 08282<\\\/p>\",\"button\":\"\",\"rating\":0,\"votes\":0},{\"id\":\"33\",\"mp3\":\"https:\\\/\\\/radio-beatbox.de\\\/radio\\\/wp-content\\\/grand-media\\\/audio\\\/HARDY_-_F_r_Immer_Sch_n.mp3\",\"cover\":\"\",\"title\":\"Hardy - F\\u00fcr Immer Sch\\u00f6n\",\"text\":\"<p>A&amp;O Records LC: 49227<\\\/p>\",\"button\":\"\",\"rating\":0,\"votes\":0},{\"id\":\"32\",\"mp3\":\"https:\\\/\\\/radio-beatbox.de\\\/radio\\\/wp-content\\\/grand-media\\\/audio\\\/Hanns_Blue_-_Freunde.mp3\",\"cover\":\"\",\"title\":\"Hanns Blue - Freunde\",\"text\":\"<p>\\u00dcbersteiger Music Productions LC: 94521<\\\/p>\",\"button\":\"\",\"rating\":0,\"votes\":0},{\"id\":\"31\",\"mp3\":\"https:\\\/\\\/radio-beatbox.de\\\/radio\\\/wp-content\\\/grand-media\\\/audio\\\/Frank_Anton_-_Wie_Ich_Dich_Liebe.mp3\",\"cover\":\"\",\"title\":\"Frank Anton - Wie Ich Dich Liebe\",\"text\":\"<p>Famos Records LC: 19400<\\\/p>\",\"button\":\"\",\"rating\":0,\"votes\":0},{\"id\":\"30\",\"mp3\":\"https:\\\/\\\/radio-beatbox.de\\\/radio\\\/wp-content\\\/grand-media\\\/audio\\\/Fire_Squad_-_Un_Dos_Tres.mp3\",\"cover\":\"\",\"title\":\"Fire Squad - Un Dos Tres\",\"text\":\"<p>by Promo-Cloud.Com<\\\/p>\",\"button\":\"\",\"rating\":0,\"votes\":0},{\"id\":\"29\",\"mp3\":\"https:\\\/\\\/radio-beatbox.de\\\/radio\\\/wp-content\\\/grand-media\\\/audio\\\/FemmeX2_-_Zwa_Simmen_a_Freindschoft.mp3\",\"cover\":\"\",\"title\":\"FemmeX2 - Zwa Stimmen, a Freindschoft\",\"text\":\"<p>by Promo-Cloud.Com<\\\/p>\",\"button\":\"\",\"rating\":7.5,\"votes\":2},{\"id\":\"28\",\"mp3\":\"https:\\\/\\\/radio-beatbox.de\\\/radio\\\/wp-content\\\/grand-media\\\/audio\\\/DOALUA_-_Alive_Again_ft._Otto_Palmborg_Original_Mix_.mp3\",\"cover\":\"\",\"title\":\"Doalua - Alive Again ft. Otto Palmborg (Original Mix)\",\"text\":\"<p>by Promo-Cloud.Com<\\\/p>\",\"button\":\"\",\"rating\":0,\"votes\":0},{\"id\":\"27\",\"mp3\":\"https:\\\/\\\/radio-beatbox.de\\\/radio\\\/wp-content\\\/grand-media\\\/audio\\\/DJ_XXL_Friends_-_R_uber_Und_Gendarme.mp3\",\"cover\":\"\",\"title\":\"DJ XXL & Friends - R\\u00e4uber Und Gendarme\",\"text\":\"<p>G-MusiQ Records LC: 104339<\\\/p>\",\"button\":\"\",\"rating\":0,\"votes\":0},{\"id\":\"26\",\"mp3\":\"https:\\\/\\\/radio-beatbox.de\\\/radio\\\/wp-content\\\/grand-media\\\/audio\\\/DJ_Ostkurve_feat._Pia_Vanelly_-_Wir_Hoeren_Was_Wir_Wollen_Radio_Edit_.mp3\",\"cover\":\"\",\"title\":\"  DJ Ostkurve feat. Pia Vanelly - Wir Hoeren Was Wir Wollen (Radio Edit)\",\"text\":\"<p>G-MusiQ Records LC: 104339<\\\/p>\",\"button\":\"\",\"rating\":0,\"votes\":0},{\"id\":\"25\",\"mp3\":\"https:\\\/\\\/radio-beatbox.de\\\/radio\\\/wp-content\\\/grand-media\\\/audio\\\/DJ_Gerreg_-_Du_Bist_Die_Nummer_1.mp3\",\"cover\":\"\",\"title\":\"DJ Gerreg - Du Bist Die Nummer 1\",\"text\":\"<p>G-MusiQ Records LC: 104339<\\\/p>\",\"button\":\"\",\"rating\":0,\"votes\":0},{\"id\":\"24\",\"mp3\":\"https:\\\/\\\/radio-beatbox.de\\\/radio\\\/wp-content\\\/grand-media\\\/audio\\\/DJ_Gerreg_-_Dance_Dance_Dance.mp3\",\"cover\":\"\",\"title\":\"DJ Gerreg - Dance, Dance, Dance \",\"text\":\"<p>G-MusiQ Records LC: 104339 <\\\/p>\",\"button\":\"\",\"rating\":0,\"votes\":0},{\"id\":\"23\",\"mp3\":\"https:\\\/\\\/radio-beatbox.de\\\/radio\\\/wp-content\\\/grand-media\\\/audio\\\/DA_Sound_-_In_the_Dark_Radio_Edit_.mp3\",\"cover\":\"\",\"title\":\"DA Sound - In the Dark   (Radio Edit)\",\"text\":\"<p>by Promo-Cloud.Com<\\\/p>\",\"button\":\"\",\"rating\":0,\"votes\":0},{\"id\":\"22\",\"mp3\":\"https:\\\/\\\/radio-beatbox.de\\\/radio\\\/wp-content\\\/grand-media\\\/audio\\\/Conny_Felber_-_Party_Palmen_Meer.mp3\",\"cover\":\"\",\"title\":\"Conny Felber - Party Palmen & Meer\",\"text\":\"<p>Fiesta Records LC: 02000<\\\/p>\",\"button\":\"\",\"rating\":0,\"votes\":0},{\"id\":\"21\",\"mp3\":\"https:\\\/\\\/radio-beatbox.de\\\/radio\\\/wp-content\\\/grand-media\\\/audio\\\/Chrissi_Denk_x_DJ_Suni_-_Pures_Dynamit.mp3\",\"cover\":\"\",\"title\":\"Chrissi Denk - Pures Dynamit\",\"text\":\"<p>by Promo-Cloud.Com<\\\/p>\",\"button\":\"\",\"rating\":0,\"votes\":0},{\"id\":\"20\",\"mp3\":\"https:\\\/\\\/radio-beatbox.de\\\/radio\\\/wp-content\\\/grand-media\\\/audio\\\/Chris_Rockford_FR3SH_TrX_Miq_Puentes_-_You_Don_t_Bring_Me_Down_Edit_.mp3\",\"cover\":\"\",\"title\":\"Chris Rockford, Fr3sh Trx - You Don't Bring Me Down (Edit)\",\"text\":\"<p>by Promo-Cloud.Com<\\\/p>\",\"button\":\"\",\"rating\":0,\"votes\":0},{\"id\":\"19\",\"mp3\":\"https:\\\/\\\/radio-beatbox.de\\\/radio\\\/wp-content\\\/grand-media\\\/audio\\\/Caro_Winter_-_Matthias.mp3\",\"cover\":\"\",\"title\":\"Caro Winter - Matthias\",\"text\":\"<p>Wird Wild LC: 99170<\\\/p>\",\"button\":\"\",\"rating\":0,\"votes\":0},{\"id\":\"18\",\"mp3\":\"https:\\\/\\\/radio-beatbox.de\\\/radio\\\/wp-content\\\/grand-media\\\/audio\\\/Carolina_-_Meer_Sinn.mp3\",\"cover\":\"\",\"title\":\"Carolina - Meer Sinn\",\"text\":\"<p>MPL Musikproduktion LC: 25375<\\\/p>\",\"button\":\"\",\"rating\":0,\"votes\":0},{\"id\":\"17\",\"mp3\":\"https:\\\/\\\/radio-beatbox.de\\\/radio\\\/wp-content\\\/grand-media\\\/audio\\\/90_Grad_-_Es_Wird_Wieder_Getanzt.mp3\",\"cover\":\"\",\"title\":\"90 Grad - Es Wird Wieder Getanzt\",\"text\":\"<p>MPL Musikproduktion LC: 25375<\\\/p>\",\"button\":\"\",\"rating\":5,\"votes\":1}];\n\t\t\t\t\tjQuery( '#GmediaGallery_4' ).data( 'uid', '4' ).gmMusicPlayer( content, settings );\n\t\t\t\t} );\n\t\t\t} );\n\t<\/script>\n\t<\/div>\n\n\n\n<p><\/p>\n","protected":false},"excerpt":{"rendered":"<p>Was w\u00e4re ein Radio ohne neue K\u00fcnstler, S\u00e4nger, Songschreiber?? Ein langweiliges Unterfangen. Das wollen wir nat\u00fcrlich \u00e4ndern, und deswegen brauchen wir Eure Unterst\u00fctzung. Schickt uns Eure neuen Songs und wir spielen sie hier auf Radio-Beatbox Wir suchen neue : Schlager, Rock &amp; Pop, Dance, Country, Rock\u2019n Roll, Rockabilly, Volksmusik, Gothic, Metal. Folgende Daten zum Album [&hellip;]<\/p>\n","protected":false},"author":1,"featured_media":0,"parent":0,"menu_order":0,"comment_status":"open","ping_status":"closed","template":"","meta":{"footnotes":""},"class_list":["post-64","page","type-page","status-publish","hentry"],"_links":{"self":[{"href":"https:\/\/radio-beatbox.de\/radio\/wp-json\/wp\/v2\/pages\/64","targetHints":{"allow":["GET"]}}],"collection":[{"href":"https:\/\/radio-beatbox.de\/radio\/wp-json\/wp\/v2\/pages"}],"about":[{"href":"https:\/\/radio-beatbox.de\/radio\/wp-json\/wp\/v2\/types\/page"}],"author":[{"embeddable":true,"href":"https:\/\/radio-beatbox.de\/radio\/wp-json\/wp\/v2\/users\/1"}],"replies":[{"embeddable":true,"href":"https:\/\/radio-beatbox.de\/radio\/wp-json\/wp\/v2\/comments?post=64"}],"version-history":[{"count":30,"href":"https:\/\/radio-beatbox.de\/radio\/wp-json\/wp\/v2\/pages\/64\/revisions"}],"predecessor-version":[{"id":5544,"href":"https:\/\/radio-beatbox.de\/radio\/wp-json\/wp\/v2\/pages\/64\/revisions\/5544"}],"wp:attachment":[{"href":"https:\/\/radio-beatbox.de\/radio\/wp-json\/wp\/v2\/media?parent=64"}],"curies":[{"name":"wp","href":"https:\/\/api.w.org\/{rel}","templated":true}]}}