{"id":72,"date":"2021-07-30T17:42:55","date_gmt":"2021-07-30T15:42:55","guid":{"rendered":"https:\/\/radio-beatbox.de\/radio\/?page_id=72"},"modified":"2023-06-26T18:14:16","modified_gmt":"2023-06-26T16:14:16","slug":"news","status":"publish","type":"page","link":"https:\/\/radio-beatbox.de\/radio\/news\/","title":{"rendered":"NEWS"},"content":{"rendered":"\n<p class=\"has-vivid-purple-background-color has-background\" style=\"font-size:25px\"><strong>Was bei Radio-Beatbox passiert<\/strong>&#8230;<\/p>\n\n\n\n<h4 class=\"wp-block-heading\">Aus der Bastelecke<\/h4>\n\n\n\n<hr class=\"wp-block-separator has-alpha-channel-opacity is-style-default\"\/>\n\n\n\n<div class=\"wp-block-media-text alignwide has-media-on-the-right is-stacked-on-mobile\"><div class=\"wp-block-media-text__content\">\n<p class=\"has-cyan-bluish-gray-background-color has-background\">Damit Ihr immer wisst und sehen k\u00f6nnt, wann es auf Radio-Beatbox besondere Sendungen gibt, hatte unser Bernd noch einen tollen Terminkalender im Handgep\u00e4ck.<\/p>\n<\/div><figure class=\"wp-block-media-text__media\"><img loading=\"lazy\" decoding=\"async\" width=\"893\" height=\"486\" src=\"https:\/\/radio-beatbox.de\/radio\/wp-content\/uploads\/2023\/06\/bild-kalender.png\" alt=\"\" class=\"wp-image-1899 size-full\" srcset=\"https:\/\/radio-beatbox.de\/radio\/wp-content\/uploads\/2023\/06\/bild-kalender.png 893w, https:\/\/radio-beatbox.de\/radio\/wp-content\/uploads\/2023\/06\/bild-kalender-300x163.png 300w, https:\/\/radio-beatbox.de\/radio\/wp-content\/uploads\/2023\/06\/bild-kalender-768x418.png 768w\" sizes=\"auto, (max-width: 893px) 100vw, 893px\" \/><\/figure><\/div>\n\n\n\n<hr class=\"wp-block-separator has-alpha-channel-opacity\"\/>\n\n\n\n<div class=\"wp-block-media-text alignwide is-stacked-on-mobile is-vertically-aligned-center\" style=\"grid-template-columns:25% auto\"><figure class=\"wp-block-media-text__media\"><img loading=\"lazy\" decoding=\"async\" width=\"640\" height=\"640\" src=\"https:\/\/radio-beatbox.de\/radio\/wp-content\/uploads\/2023\/06\/Chartsbild.jpg\" alt=\"\" class=\"wp-image-1558 size-full\" srcset=\"https:\/\/radio-beatbox.de\/radio\/wp-content\/uploads\/2023\/06\/Chartsbild.jpg 640w, https:\/\/radio-beatbox.de\/radio\/wp-content\/uploads\/2023\/06\/Chartsbild-300x300.jpg 300w, https:\/\/radio-beatbox.de\/radio\/wp-content\/uploads\/2023\/06\/Chartsbild-150x150.jpg 150w, https:\/\/radio-beatbox.de\/radio\/wp-content\/uploads\/2023\/06\/Chartsbild-144x144.jpg 144w\" sizes=\"auto, (max-width: 640px) 100vw, 640px\" \/><\/figure><div class=\"wp-block-media-text__content\">\n<p class=\"has-cyan-bluish-gray-background-color has-background\">Ja wir haben uns f\u00fcr Euch ins Zeug gelegt und unsere Techniker<\/p>\n\n\n\n<p class=\"has-cyan-bluish-gray-background-color has-background\">Bernd und Marc haben ein eigenes Chartscript gebastelt. Seit dem Juni ist <\/p>\n\n\n\n<p class=\"has-cyan-bluish-gray-background-color has-background\">es in Benutzung und l\u00e4uft hervorragend. Auf viele weitere Chartsendungen<\/p>\n<\/div><\/div>\n\n\n\n<hr class=\"wp-block-separator has-alpha-channel-opacity\"\/>\n\n\n\n<div class=\"wp-block-columns is-layout-flex wp-container-core-columns-is-layout-28f84493 wp-block-columns-is-layout-flex\">\n<div class=\"wp-block-column is-layout-flow wp-block-column-is-layout-flow\">\n<div class=\"wp-block-media-text alignwide is-stacked-on-mobile is-vertically-aligned-top\"><figure class=\"wp-block-media-text__media\"><img loading=\"lazy\" decoding=\"async\" width=\"256\" height=\"322\" src=\"https:\/\/radio-beatbox.de\/radio\/wp-content\/uploads\/2023\/05\/kalenderbild-1.png\" alt=\"\" class=\"wp-image-1418 size-full\" srcset=\"https:\/\/radio-beatbox.de\/radio\/wp-content\/uploads\/2023\/05\/kalenderbild-1.png 256w, https:\/\/radio-beatbox.de\/radio\/wp-content\/uploads\/2023\/05\/kalenderbild-1-239x300.png 239w\" sizes=\"auto, (max-width: 256px) 100vw, 256px\" \/><\/figure><div class=\"wp-block-media-text__content\">\n<p class=\"has-cyan-bluish-gray-background-color has-background\">Damit wir in Zukunft auch keinen vergessen, gibt es einen neuen Geburtstagskalender.<\/p>\n<\/div><\/div>\n<\/div>\n\n\n\n<div class=\"wp-block-column is-layout-flow wp-block-column-is-layout-flow\">\n<div class=\"wp-block-media-text alignwide is-stacked-on-mobile is-vertically-aligned-top\"><figure class=\"wp-block-media-text__media\"><img loading=\"lazy\" decoding=\"async\" width=\"359\" height=\"718\" src=\"https:\/\/radio-beatbox.de\/radio\/wp-content\/uploads\/2023\/05\/RadioAppBild.png\" alt=\"\" class=\"wp-image-1419 size-full\" srcset=\"https:\/\/radio-beatbox.de\/radio\/wp-content\/uploads\/2023\/05\/RadioAppBild.png 359w, https:\/\/radio-beatbox.de\/radio\/wp-content\/uploads\/2023\/05\/RadioAppBild-150x300.png 150w\" sizes=\"auto, (max-width: 359px) 100vw, 359px\" \/><\/figure><div class=\"wp-block-media-text__content\">\n<p class=\"has-cyan-bluish-gray-background-color has-background\">Wie Ihr hier sehen k\u00f6nnt ist das der erste Entwurf von unserer RadioApp, die, wenn alles klappt, bald erscheinen wird.<\/p>\n<\/div><\/div>\n<\/div>\n<\/div>\n\n\n\n<hr class=\"wp-block-separator has-alpha-channel-opacity\"\/>\n\n\n\n<hr class=\"wp-block-separator has-text-color has-white-color has-alpha-channel-opacity has-white-background-color has-background\"\/>\n\n\n\n<div class=\"wp-block-columns is-layout-flex wp-container-core-columns-is-layout-28f84493 wp-block-columns-is-layout-flex\">\n<div class=\"wp-block-column is-layout-flow wp-block-column-is-layout-flow\">\n<div class=\"wp-block-media-text is-stacked-on-mobile is-vertically-aligned-top\"><figure class=\"wp-block-media-text__media\"><img loading=\"lazy\" decoding=\"async\" width=\"299\" height=\"414\" src=\"https:\/\/radio-beatbox.de\/radio\/wp-content\/uploads\/2023\/05\/songhistorybild.png\" alt=\"\" class=\"wp-image-1402 size-full\" srcset=\"https:\/\/radio-beatbox.de\/radio\/wp-content\/uploads\/2023\/05\/songhistorybild.png 299w, https:\/\/radio-beatbox.de\/radio\/wp-content\/uploads\/2023\/05\/songhistorybild-217x300.png 217w\" sizes=\"auto, (max-width: 299px) 100vw, 299px\" \/><\/figure><div class=\"wp-block-media-text__content\">\n<p class=\"has-cyan-bluish-gray-background-color has-background\">Ja auch hier bei Radio-Beatbox wird nicht geschlafen. Wir versuchen immer wieder mal was neues aus wie zb. unsere Songhistory.<\/p>\n<\/div><\/div>\n<\/div>\n\n\n\n<div class=\"wp-block-column is-layout-flow wp-block-column-is-layout-flow\">\n<div class=\"wp-block-media-text alignwide is-stacked-on-mobile is-vertically-aligned-top\"><figure class=\"wp-block-media-text__media\"><img loading=\"lazy\" decoding=\"async\" width=\"281\" height=\"760\" src=\"https:\/\/radio-beatbox.de\/radio\/wp-content\/uploads\/2023\/05\/quasselboxbild.png\" alt=\"\" class=\"wp-image-1403 size-full\" srcset=\"https:\/\/radio-beatbox.de\/radio\/wp-content\/uploads\/2023\/05\/quasselboxbild.png 281w, https:\/\/radio-beatbox.de\/radio\/wp-content\/uploads\/2023\/05\/quasselboxbild-111x300.png 111w\" sizes=\"auto, (max-width: 281px) 100vw, 281px\" \/><\/figure><div class=\"wp-block-media-text__content\">\n<p class=\"has-cyan-bluish-gray-background-color has-background\">Damit wir in Zukunft nicht auf externe Seiten unsere Shoutbox haben, sind die Techniker auf die Idee gekommen, eine selbstgebaute Quasselbox zu kreieren, was Ihnen auch gut gelungen ist.<\/p>\n\n\n\n<p class=\"has-cyan-bluish-gray-background-color has-background\">Und sicher kommen da auch noch ein paar Smilies dazu, aber die m\u00fcssen erst geboren werden. <\/p>\n<\/div><\/div>\n<\/div>\n<\/div>\n\n\n\n<hr class=\"wp-block-separator has-text-color has-black-color has-alpha-channel-opacity has-black-background-color has-background\"\/>\n\n\n\n<h4 class=\"wp-block-heading\">Hochzeit <\/h4>\n\n\n\n<div class=\"wp-block-columns is-layout-flex wp-container-core-columns-is-layout-28f84493 wp-block-columns-is-layout-flex\">\n<div class=\"wp-block-column is-layout-flow wp-block-column-is-layout-flow\"><div class=\"wp-block-image\">\n<figure class=\"alignright size-large is-resized\"><img loading=\"lazy\" decoding=\"async\" src=\"https:\/\/radio-beatbox.de\/radio\/wp-content\/uploads\/2021\/08\/urkundeDiMa-724x1024.jpg\" alt=\"\" class=\"wp-image-398\" width=\"166\" height=\"235\" srcset=\"https:\/\/radio-beatbox.de\/radio\/wp-content\/uploads\/2021\/08\/urkundeDiMa-724x1024.jpg 724w, https:\/\/radio-beatbox.de\/radio\/wp-content\/uploads\/2021\/08\/urkundeDiMa-212x300.jpg 212w, https:\/\/radio-beatbox.de\/radio\/wp-content\/uploads\/2021\/08\/urkundeDiMa-768x1087.jpg 768w, https:\/\/radio-beatbox.de\/radio\/wp-content\/uploads\/2021\/08\/urkundeDiMa.jpg 1060w\" sizes=\"auto, (max-width: 166px) 100vw, 166px\" \/><\/figure>\n<\/div><\/div>\n\n\n\n<div class=\"wp-block-column is-layout-flow wp-block-column-is-layout-flow\"><div class=\"wp-block-image\">\n<figure class=\"aligncenter size-large\"><img loading=\"lazy\" decoding=\"async\" width=\"1024\" height=\"677\" src=\"https:\/\/radio-beatbox.de\/radio\/wp-content\/uploads\/2021\/08\/9a0f859c-83793384-1024x677.jpg\" alt=\"\" class=\"wp-image-389\" srcset=\"https:\/\/radio-beatbox.de\/radio\/wp-content\/uploads\/2021\/08\/9a0f859c-83793384-1024x677.jpg 1024w, https:\/\/radio-beatbox.de\/radio\/wp-content\/uploads\/2021\/08\/9a0f859c-83793384-300x198.jpg 300w, https:\/\/radio-beatbox.de\/radio\/wp-content\/uploads\/2021\/08\/9a0f859c-83793384-768x508.jpg 768w, https:\/\/radio-beatbox.de\/radio\/wp-content\/uploads\/2021\/08\/9a0f859c-83793384.jpg 1280w\" sizes=\"auto, (max-width: 1024px) 100vw, 1024px\" \/><\/figure>\n<\/div>\n\n\n<figure class=\"wp-block-image size-full\"><img loading=\"lazy\" decoding=\"async\" width=\"647\" height=\"277\" src=\"https:\/\/radio-beatbox.de\/radio\/wp-content\/uploads\/2021\/08\/spruch-1.png\" alt=\"\" class=\"wp-image-400\" srcset=\"https:\/\/radio-beatbox.de\/radio\/wp-content\/uploads\/2021\/08\/spruch-1.png 647w, https:\/\/radio-beatbox.de\/radio\/wp-content\/uploads\/2021\/08\/spruch-1-300x128.png 300w\" sizes=\"auto, (max-width: 647px) 100vw, 647px\" \/><\/figure>\n<\/div>\n\n\n\n<div class=\"wp-block-column is-layout-flow wp-block-column-is-layout-flow\"><div class=\"wp-block-image\">\n<figure class=\"alignleft size-full is-resized\"><img loading=\"lazy\" decoding=\"async\" src=\"https:\/\/radio-beatbox.de\/radio\/wp-content\/uploads\/2021\/08\/DiSUklein.png\" alt=\"\" class=\"wp-image-399\" width=\"227\" height=\"227\" srcset=\"https:\/\/radio-beatbox.de\/radio\/wp-content\/uploads\/2021\/08\/DiSUklein.png 300w, https:\/\/radio-beatbox.de\/radio\/wp-content\/uploads\/2021\/08\/DiSUklein-150x150.png 150w, https:\/\/radio-beatbox.de\/radio\/wp-content\/uploads\/2021\/08\/DiSUklein-144x144.png 144w\" sizes=\"auto, (max-width: 227px) 100vw, 227px\" \/><\/figure>\n<\/div><\/div>\n<\/div>\n\n\n\n<hr class=\"wp-block-separator has-text-color has-black-color has-alpha-channel-opacity has-black-background-color has-background\"\/>\n\n\n\n<h3 class=\"wp-block-heading\">\u00dcberaschungssendung<\/h3>\n\n\n<div class=\"wp-block-image\">\n<figure class=\"aligncenter size-full is-resized\"><img loading=\"lazy\" decoding=\"async\" src=\"https:\/\/radio-beatbox.de\/radio\/wp-content\/uploads\/2021\/10\/ueberaschungssendung.jpg\" alt=\"\" class=\"wp-image-638\" width=\"345\" height=\"145\" srcset=\"https:\/\/radio-beatbox.de\/radio\/wp-content\/uploads\/2021\/10\/ueberaschungssendung.jpg 640w, https:\/\/radio-beatbox.de\/radio\/wp-content\/uploads\/2021\/10\/ueberaschungssendung-300x126.jpg 300w\" sizes=\"auto, (max-width: 345px) 100vw, 345px\" \/><\/figure>\n<\/div>\n\n\n<div class=\"wp-block-columns is-layout-flex wp-container-core-columns-is-layout-28f84493 wp-block-columns-is-layout-flex\">\n<div class=\"wp-block-column is-layout-flow wp-block-column-is-layout-flow\" style=\"flex-basis:100%\">\n<div class=\"wp-block-columns is-layout-flex wp-container-core-columns-is-layout-28f84493 wp-block-columns-is-layout-flex\">\n<div class=\"wp-block-column is-layout-flow wp-block-column-is-layout-flow\"><div class=\"wp-block-image\">\n<figure class=\"aligncenter size-large is-resized\"><img loading=\"lazy\" decoding=\"async\" src=\"https:\/\/radio-beatbox.de\/radio\/wp-content\/uploads\/2021\/10\/GedichtWalter-1024x562.jpg\" alt=\"\" class=\"wp-image-632\" width=\"600\" height=\"363\"\/><\/figure>\n<\/div><\/div>\n<\/div>\n<\/div>\n<\/div>\n\n\n<div class=\"wp-block-image\">\n<figure class=\"aligncenter size-full is-resized\"><img loading=\"lazy\" decoding=\"async\" src=\"https:\/\/radio-beatbox.de\/radio\/wp-content\/uploads\/2021\/10\/gedichtZimti.jpg\" alt=\"\" class=\"wp-image-643\" width=\"500\" height=\"357\" srcset=\"https:\/\/radio-beatbox.de\/radio\/wp-content\/uploads\/2021\/10\/gedichtZimti.jpg 1000w, https:\/\/radio-beatbox.de\/radio\/wp-content\/uploads\/2021\/10\/gedichtZimti-300x214.jpg 300w, https:\/\/radio-beatbox.de\/radio\/wp-content\/uploads\/2021\/10\/gedichtZimti-768x548.jpg 768w\" sizes=\"auto, (max-width: 500px) 100vw, 500px\" \/><\/figure>\n<\/div>\n\n\n<hr class=\"wp-block-separator has-text-color has-black-color has-alpha-channel-opacity has-black-background-color has-background\"\/>\n\n\n\n<h2 class=\"wp-block-heading\">Geburtstage\/Feierlichkeiten<\/h2>\n\n\n\n<div class=\"wp-block-columns is-layout-flex wp-container-core-columns-is-layout-28f84493 wp-block-columns-is-layout-flex\">\n<div class=\"wp-block-column is-layout-flow wp-block-column-is-layout-flow\">\n<figure class=\"wp-block-image size-large is-resized\"><img loading=\"lazy\" decoding=\"async\" src=\"https:\/\/radio-beatbox.de\/radio\/wp-content\/uploads\/2021\/10\/gebbiJoachim-1024x682.jpg\" alt=\"\" class=\"wp-image-635\" width=\"250\" height=\"171\"\/><\/figure>\n<\/div>\n\n\n\n<div class=\"wp-block-column is-layout-flow wp-block-column-is-layout-flow\">\n<figure class=\"wp-block-image size-full is-resized\"><img loading=\"lazy\" decoding=\"async\" src=\"https:\/\/radio-beatbox.de\/radio\/wp-content\/uploads\/2021\/10\/gebbiSabiene.jpg\" alt=\"\" class=\"wp-image-636\" width=\"250\" height=\"167\" srcset=\"https:\/\/radio-beatbox.de\/radio\/wp-content\/uploads\/2021\/10\/gebbiSabiene.jpg 1000w, https:\/\/radio-beatbox.de\/radio\/wp-content\/uploads\/2021\/10\/gebbiSabiene-300x200.jpg 300w, https:\/\/radio-beatbox.de\/radio\/wp-content\/uploads\/2021\/10\/gebbiSabiene-768x511.jpg 768w\" sizes=\"auto, (max-width: 250px) 100vw, 250px\" \/><\/figure>\n<\/div>\n\n\n\n<div class=\"wp-block-column is-layout-flow wp-block-column-is-layout-flow\">\n<figure class=\"wp-block-image size-large is-resized\"><img loading=\"lazy\" decoding=\"async\" src=\"https:\/\/radio-beatbox.de\/radio\/wp-content\/uploads\/2021\/10\/gebbiJordy-1024x724.jpg\" alt=\"\" class=\"wp-image-637\" width=\"250\" height=\"177\" srcset=\"https:\/\/radio-beatbox.de\/radio\/wp-content\/uploads\/2021\/10\/gebbiJordy-1024x724.jpg 1024w, https:\/\/radio-beatbox.de\/radio\/wp-content\/uploads\/2021\/10\/gebbiJordy-300x212.jpg 300w, https:\/\/radio-beatbox.de\/radio\/wp-content\/uploads\/2021\/10\/gebbiJordy-768x543.jpg 768w, https:\/\/radio-beatbox.de\/radio\/wp-content\/uploads\/2021\/10\/gebbiJordy.jpg 1280w\" sizes=\"auto, (max-width: 250px) 100vw, 250px\" \/><\/figure>\n<\/div>\n<\/div>\n\n\n\n<figure class=\"wp-block-table\"><table><tbody><tr><td class=\"has-text-align-center\" data-align=\"center\"><img loading=\"lazy\" decoding=\"async\" width=\"300\" height=\"169\" class=\"wp-image-959\" style=\"width: 300px;\" src=\"https:\/\/radio-beatbox.de\/radio\/wp-content\/uploads\/2022\/02\/WhatsApp-Image-2022-02-14-at-08.06.33.jpeg\" alt=\"\" srcset=\"https:\/\/radio-beatbox.de\/radio\/wp-content\/uploads\/2022\/02\/WhatsApp-Image-2022-02-14-at-08.06.33.jpeg 1600w, https:\/\/radio-beatbox.de\/radio\/wp-content\/uploads\/2022\/02\/WhatsApp-Image-2022-02-14-at-08.06.33-300x169.jpeg 300w, https:\/\/radio-beatbox.de\/radio\/wp-content\/uploads\/2022\/02\/WhatsApp-Image-2022-02-14-at-08.06.33-1024x576.jpeg 1024w, https:\/\/radio-beatbox.de\/radio\/wp-content\/uploads\/2022\/02\/WhatsApp-Image-2022-02-14-at-08.06.33-768x432.jpeg 768w, https:\/\/radio-beatbox.de\/radio\/wp-content\/uploads\/2022\/02\/WhatsApp-Image-2022-02-14-at-08.06.33-1536x864.jpeg 1536w\" sizes=\"auto, (max-width: 300px) 100vw, 300px\" \/><\/td><td class=\"has-text-align-center\" data-align=\"center\"><img loading=\"lazy\" decoding=\"async\" width=\"300\" height=\"169\" class=\"wp-image-958\" style=\"width: 300px;\" src=\"https:\/\/radio-beatbox.de\/radio\/wp-content\/uploads\/2022\/02\/WhatsApp-Image-2022-02-14-at-06.23.49.jpeg\" alt=\"\" srcset=\"https:\/\/radio-beatbox.de\/radio\/wp-content\/uploads\/2022\/02\/WhatsApp-Image-2022-02-14-at-06.23.49.jpeg 1600w, https:\/\/radio-beatbox.de\/radio\/wp-content\/uploads\/2022\/02\/WhatsApp-Image-2022-02-14-at-06.23.49-300x169.jpeg 300w, https:\/\/radio-beatbox.de\/radio\/wp-content\/uploads\/2022\/02\/WhatsApp-Image-2022-02-14-at-06.23.49-1024x576.jpeg 1024w, https:\/\/radio-beatbox.de\/radio\/wp-content\/uploads\/2022\/02\/WhatsApp-Image-2022-02-14-at-06.23.49-768x432.jpeg 768w, https:\/\/radio-beatbox.de\/radio\/wp-content\/uploads\/2022\/02\/WhatsApp-Image-2022-02-14-at-06.23.49-1536x864.jpeg 1536w\" sizes=\"auto, (max-width: 300px) 100vw, 300px\" \/><\/td><\/tr><\/tbody><\/table><\/figure>\n\n\n\n<p><\/p>\n","protected":false},"excerpt":{"rendered":"<p>Was bei Radio-Beatbox passiert&#8230; Aus der Bastelecke Damit Ihr immer wisst und sehen k\u00f6nnt, wann es auf Radio-Beatbox besondere Sendungen gibt, hatte unser Bernd noch einen tollen Terminkalender im Handgep\u00e4ck. Ja wir haben uns f\u00fcr Euch ins Zeug gelegt und unsere Techniker Bernd und Marc haben ein eigenes Chartscript gebastelt. Seit dem Juni ist es [&hellip;]<\/p>\n","protected":false},"author":1,"featured_media":0,"parent":0,"menu_order":0,"comment_status":"closed","ping_status":"closed","template":"","meta":{"footnotes":""},"class_list":["post-72","page","type-page","status-publish","hentry"],"_links":{"self":[{"href":"https:\/\/radio-beatbox.de\/radio\/wp-json\/wp\/v2\/pages\/72","targetHints":{"allow":["GET"]}}],"collection":[{"href":"https:\/\/radio-beatbox.de\/radio\/wp-json\/wp\/v2\/pages"}],"about":[{"href":"https:\/\/radio-beatbox.de\/radio\/wp-json\/wp\/v2\/types\/page"}],"author":[{"embeddable":true,"href":"https:\/\/radio-beatbox.de\/radio\/wp-json\/wp\/v2\/users\/1"}],"replies":[{"embeddable":true,"href":"https:\/\/radio-beatbox.de\/radio\/wp-json\/wp\/v2\/comments?post=72"}],"version-history":[{"count":31,"href":"https:\/\/radio-beatbox.de\/radio\/wp-json\/wp\/v2\/pages\/72\/revisions"}],"predecessor-version":[{"id":1900,"href":"https:\/\/radio-beatbox.de\/radio\/wp-json\/wp\/v2\/pages\/72\/revisions\/1900"}],"wp:attachment":[{"href":"https:\/\/radio-beatbox.de\/radio\/wp-json\/wp\/v2\/media?parent=72"}],"curies":[{"name":"wp","href":"https:\/\/api.w.org\/{rel}","templated":true}]}}