{"id":86,"date":"2021-07-30T17:47:49","date_gmt":"2021-07-30T15:47:49","guid":{"rendered":"https:\/\/radio-beatbox.de\/radio\/?page_id=86"},"modified":"2025-08-02T11:59:01","modified_gmt":"2025-08-02T09:59:01","slug":"impressum","status":"publish","type":"page","link":"https:\/\/radio-beatbox.de\/radio\/impressum\/","title":{"rendered":"Impressum"},"content":{"rendered":"\n<h1>Impressum<\/h1>\n<br>\n<h2>Angaben gem\u00e4\u00df \u00a7 5 TMG<\/h2>\n<p>Bettina und Marc Behrendt<\/p>\n<p>Rosenstra\u00dfe 28<\/p>\n<p>71364 Winnenden<\/p>\n<br>\n<h2>Kontakt<\/h2>\n<p>E-Mail: admin@radio-beatbox.de<\/p>\n<p>Verantwortlicher der Homepage: Marc Behrendt<\/p>\n<br>\n<u><b>Haftungsausschluss<\/b><\/u>\n<br>\nDie bereitgestellten Informationen auf dieser Website wurden sorgf\u00e4ltig gepr\u00fcft und werden regelm\u00e4\u00dfig aktualisiert. Jedoch kann keine Garantie daf\u00fcr \u00fcbernommen werden, dass alle Angaben zu jeder Zeit vollst\u00e4ndig, richtig und in letzter Aktualit\u00e4t dargestellt sind. Dies gilt insbesondere f\u00fcr alle Links zu anderen Websites, auf die direkt oder indirekt verwiesen wird. Alle Angaben k\u00f6nnen ohne vorherige Ank\u00fcndigung erg\u00e4nzt, entfernt oder ge\u00e4ndert werden.\n<br>\n<u><b>Externe Links<\/b><\/u>\n<br>\nMit Urteil vom 12. Mai 1998 hat das Landgericht Hamburg (LGH) entschieden, dass man durch die Anbringung eines Links die Inhalte der gelinkten Seite ggf. mit zu verantworten hat. Dies kann, so das LGH, nur dadurch verhindert werden, dass man sich ausdr\u00fccklich von diesen Inhalten distanziert. Deshalb weisen wir ausdr\u00fccklich darauf hin, dass wir keine Verantwortung f\u00fcr Inhalte s\u00e4mtlicher bei radio-beatbox.de verlinkten Homepages \u00fcbernehmen. Bitte bedenken Sie, dass wir keinerlei Einfluss auf die Gestaltung und die Inhalte der gelinkten Seiten haben. Die Betreiber der jeweiligen Seiten handeln in Eigenverantwortung und unterliegen dem jeweiligen Landesrecht.\n<br>\n<u><b>Cookies<\/b><\/u>\n<br>\nIm Rahmen der Werbeschaltung auf dieser Website werden wir unter Umst\u00e4nden Cookies auf Ihrem Computer hinterlegen bzw. bereits gespeicherte Cookies abrufen, jedoch keine personenbezogenen Daten speichern. F\u00fcr weitere Informationen \u00fcber Cookies und die M\u00f6glichkeit, die Verwendung Ihrer Daten auszuschlie\u00dfen, sehen Sie in unseren Cookie Richtlinien.\n<p><\/p>\n","protected":false},"excerpt":{"rendered":"<p>Impressum Angaben gem\u00e4\u00df \u00a7 5 TMG Bettina und Marc Behrendt Rosenstra\u00dfe 28 71364 Winnenden Kontakt E-Mail: admin@radio-beatbox.de Verantwortlicher der Homepage: Marc Behrendt Haftungsausschluss Die bereitgestellten Informationen auf dieser Website wurden sorgf\u00e4ltig gepr\u00fcft und werden regelm\u00e4\u00dfig aktualisiert. Jedoch kann keine Garantie daf\u00fcr \u00fcbernommen werden, dass alle Angaben zu jeder Zeit vollst\u00e4ndig, richtig und in letzter Aktualit\u00e4t [&hellip;]<\/p>\n","protected":false},"author":1,"featured_media":0,"parent":0,"menu_order":0,"comment_status":"closed","ping_status":"closed","template":"","meta":{"footnotes":""},"class_list":["post-86","page","type-page","status-publish","hentry"],"_links":{"self":[{"href":"https:\/\/radio-beatbox.de\/radio\/wp-json\/wp\/v2\/pages\/86","targetHints":{"allow":["GET"]}}],"collection":[{"href":"https:\/\/radio-beatbox.de\/radio\/wp-json\/wp\/v2\/pages"}],"about":[{"href":"https:\/\/radio-beatbox.de\/radio\/wp-json\/wp\/v2\/types\/page"}],"author":[{"embeddable":true,"href":"https:\/\/radio-beatbox.de\/radio\/wp-json\/wp\/v2\/users\/1"}],"replies":[{"embeddable":true,"href":"https:\/\/radio-beatbox.de\/radio\/wp-json\/wp\/v2\/comments?post=86"}],"version-history":[{"count":12,"href":"https:\/\/radio-beatbox.de\/radio\/wp-json\/wp\/v2\/pages\/86\/revisions"}],"predecessor-version":[{"id":5344,"href":"https:\/\/radio-beatbox.de\/radio\/wp-json\/wp\/v2\/pages\/86\/revisions\/5344"}],"wp:attachment":[{"href":"https:\/\/radio-beatbox.de\/radio\/wp-json\/wp\/v2\/media?parent=86"}],"curies":[{"name":"wp","href":"https:\/\/api.w.org\/{rel}","templated":true}]}}